{"id":21,"date":"2024-09-08T20:38:23","date_gmt":"2024-09-08T18:38:23","guid":{"rendered":"https:\/\/asso-fracas.fr\/?page_id=21"},"modified":"2026-03-25T11:13:34","modified_gmt":"2026-03-25T10:13:34","slug":"accueil","status":"publish","type":"page","link":"https:\/\/asso-fracas.fr\/","title":{"rendered":"Accueil"},"content":{"rendered":"\t\t<div data-elementor-type=\"wp-post\" data-elementor-id=\"21\" class=\"elementor elementor-21\">\n\t\t\t\t<div class=\"elementor-element elementor-element-b414d9f e-flex e-con-boxed e-con e-parent\" data-id=\"b414d9f\" data-element_type=\"container\">\n\t\t\t\t\t<div class=\"e-con-inner\">\n\t\t\t\t<div class=\"elementor-element elementor-element-48c7cfd elementor-widget elementor-widget-image\" data-id=\"48c7cfd\" data-element_type=\"widget\" data-widget_type=\"image.default\">\n\t\t\t\t<div class=\"elementor-widget-container\">\n\t\t\t<style>\/*! elementor - v3.21.0 - 08-05-2024 *\/\n.elementor-widget-image{text-align:center}.elementor-widget-image a{display:inline-block}.elementor-widget-image a img[src$=\".svg\"]{width:48px}.elementor-widget-image img{vertical-align:middle;display:inline-block}<\/style>\t\t\t\t\t\t\t\t\t\t<img fetchpriority=\"high\" decoding=\"async\" width=\"300\" height=\"300\" src=\"https:\/\/asso-fracas.fr\/wp-content\/uploads\/2024\/05\/fracas-05-300x300.png\" class=\"attachment-medium size-medium wp-image-10\" alt=\"\" srcset=\"https:\/\/asso-fracas.fr\/wp-content\/uploads\/2024\/05\/fracas-05-300x300.png 300w, https:\/\/asso-fracas.fr\/wp-content\/uploads\/2024\/05\/fracas-05-150x150.png 150w, https:\/\/asso-fracas.fr\/wp-content\/uploads\/2024\/05\/fracas-05.png 500w\" sizes=\"(max-width: 300px) 100vw, 300px\" \/>\t\t\t\t\t\t\t\t\t\t\t\t\t<\/div>\n\t\t\t\t<\/div>\n\t\t\t\t\t<\/div>\n\t\t\t\t<\/div>\n\t\t<div class=\"elementor-element elementor-element-309ae3e e-flex e-con-boxed e-con e-parent\" data-id=\"309ae3e\" data-element_type=\"container\">\n\t\t\t\t\t<div class=\"e-con-inner\">\n\t\t\t\t<div class=\"elementor-element elementor-element-167e3be elementor-widget elementor-widget-text-editor\" data-id=\"167e3be\" data-element_type=\"widget\" data-widget_type=\"text-editor.default\">\n\t\t\t\t<div class=\"elementor-widget-container\">\n\t\t\t<style>\/*! elementor - v3.21.0 - 08-05-2024 *\/\n.elementor-widget-text-editor.elementor-drop-cap-view-stacked .elementor-drop-cap{background-color:#69727d;color:#fff}.elementor-widget-text-editor.elementor-drop-cap-view-framed .elementor-drop-cap{color:#69727d;border:3px solid;background-color:transparent}.elementor-widget-text-editor:not(.elementor-drop-cap-view-default) .elementor-drop-cap{margin-top:8px}.elementor-widget-text-editor:not(.elementor-drop-cap-view-default) .elementor-drop-cap-letter{width:1em;height:1em}.elementor-widget-text-editor .elementor-drop-cap{float:left;text-align:center;line-height:1;font-size:50px}.elementor-widget-text-editor .elementor-drop-cap-letter{display:inline-block}<\/style>\t\t\t\t<p>FRACAS, pour F\u00e9d\u00e9ration Rurale d&#8217;Associations Culturelles, Artistiques et Socioculturelles est n\u00e9e en 2020 \u00e0 Saint-Romain, dans le sud Charente (16).<\/p><p>Elle se donne pour buts d&#8217;accompagner les structures artistiques et culturelles, les artistes et les particuliers dans le d\u00e9veloppement de leurs projets, et de dynamiser le territoire en organisant des \u00e9v\u00e9nements.<\/p><p>C&#8217;est ainsi qu&#8217;est n\u00e9 le festival <a href=\"https:\/\/asso-fracas.fr\/index.php\/festival\/\"><em><strong>Fracas dans les Rues!<\/strong><\/em><\/a>, festival d&#8217;arts vivants itin\u00e9rant dont la troisi\u00e8me (et derni\u00e8re) \u00e9dition a eu lieu les 09 et 10 ao\u00fbt 2025.<\/p><p>Fracas est soutenue par le d\u00e9partement de la Charente depuis sa cr\u00e9ation, ainsi que par la communaut\u00e9 de communes Lavalette-Tude-Drone et la commune de Saint-Romain (16210).<\/p>\t\t\t\t\t\t<\/div>\n\t\t\t\t<\/div>\n\t\t\t\t\t<\/div>\n\t\t\t\t<\/div>\n\t\t<div class=\"elementor-element elementor-element-dbd9aa3 e-flex e-con-boxed e-con e-parent\" data-id=\"dbd9aa3\" data-element_type=\"container\">\n\t\t\t\t\t<div class=\"e-con-inner\">\n\t\t\t\t<div class=\"elementor-element elementor-element-a0f7ce3 elementor-widget elementor-widget-image\" data-id=\"a0f7ce3\" data-element_type=\"widget\" data-widget_type=\"image.default\">\n\t\t\t\t<div class=\"elementor-widget-container\">\n\t\t\t\t\t\t\t\t\t\t\t\t\t<img decoding=\"async\" width=\"768\" height=\"515\" src=\"https:\/\/asso-fracas.fr\/wp-content\/uploads\/2025\/01\/Banniere-FRACAS-2024-768x515.png\" class=\"attachment-medium_large size-medium_large wp-image-270\" alt=\"\" srcset=\"https:\/\/asso-fracas.fr\/wp-content\/uploads\/2025\/01\/Banniere-FRACAS-2024-768x515.png 768w, https:\/\/asso-fracas.fr\/wp-content\/uploads\/2025\/01\/Banniere-FRACAS-2024-300x201.png 300w, https:\/\/asso-fracas.fr\/wp-content\/uploads\/2025\/01\/Banniere-FRACAS-2024-1024x687.png 1024w, https:\/\/asso-fracas.fr\/wp-content\/uploads\/2025\/01\/Banniere-FRACAS-2024.png 1414w\" sizes=\"(max-width: 768px) 100vw, 768px\" \/>\t\t\t\t\t\t\t\t\t\t\t\t\t<\/div>\n\t\t\t\t<\/div>\n\t\t\t\t\t<\/div>\n\t\t\t\t<\/div>\n\t\t\t\t<\/div>\n\t\t","protected":false},"excerpt":{"rendered":"<p>FRACAS, pour F\u00e9d\u00e9ration Rurale d&#8217;Associations Culturelles, Artistiques et Socioculturelles est n\u00e9e en 2020 \u00e0 Saint-Romain, dans le sud Charente (16). Elle se donne pour buts d&#8217;accompagner les structures artistiques et culturelles, les artistes et les particuliers dans le d\u00e9veloppement de leurs projets, et de dynamiser le territoire en organisant des \u00e9v\u00e9nements. C&#8217;est ainsi qu&#8217;est n\u00e9 [&hellip;]<\/p>\n","protected":false},"author":3,"featured_media":0,"parent":0,"menu_order":0,"comment_status":"closed","ping_status":"closed","template":"","meta":{"footnotes":""},"class_list":["post-21","page","type-page","status-publish","hentry"],"_links":{"self":[{"href":"https:\/\/asso-fracas.fr\/index.php\/wp-json\/wp\/v2\/pages\/21","targetHints":{"allow":["GET"]}}],"collection":[{"href":"https:\/\/asso-fracas.fr\/index.php\/wp-json\/wp\/v2\/pages"}],"about":[{"href":"https:\/\/asso-fracas.fr\/index.php\/wp-json\/wp\/v2\/types\/page"}],"author":[{"embeddable":true,"href":"https:\/\/asso-fracas.fr\/index.php\/wp-json\/wp\/v2\/users\/3"}],"replies":[{"embeddable":true,"href":"https:\/\/asso-fracas.fr\/index.php\/wp-json\/wp\/v2\/comments?post=21"}],"version-history":[{"count":52,"href":"https:\/\/asso-fracas.fr\/index.php\/wp-json\/wp\/v2\/pages\/21\/revisions"}],"predecessor-version":[{"id":433,"href":"https:\/\/asso-fracas.fr\/index.php\/wp-json\/wp\/v2\/pages\/21\/revisions\/433"}],"wp:attachment":[{"href":"https:\/\/asso-fracas.fr\/index.php\/wp-json\/wp\/v2\/media?parent=21"}],"curies":[{"name":"wp","href":"https:\/\/api.w.org\/{rel}","templated":true}]}}