{"id":53,"date":"2024-12-20T12:24:23","date_gmt":"2024-12-20T11:24:23","guid":{"rendered":"https:\/\/asso-fracas.fr\/?page_id=53"},"modified":"2026-03-25T11:15:23","modified_gmt":"2026-03-25T10:15:23","slug":"stage-de-cirque","status":"publish","type":"page","link":"https:\/\/asso-fracas.fr\/index.php\/stage-de-cirque\/","title":{"rendered":"Stage de cirque"},"content":{"rendered":"\t\t<div data-elementor-type=\"wp-page\" data-elementor-id=\"53\" class=\"elementor elementor-53\">\n\t\t\t\t<div class=\"elementor-element elementor-element-946e37c e-flex e-con-boxed e-con e-parent\" data-id=\"946e37c\" data-element_type=\"container\">\n\t\t\t\t\t<div class=\"e-con-inner\">\n\t\t\t\t<div class=\"elementor-element elementor-element-178c012 elementor-widget elementor-widget-heading\" data-id=\"178c012\" data-element_type=\"widget\" data-widget_type=\"heading.default\">\n\t\t\t\t<div class=\"elementor-widget-container\">\n\t\t\t<style>\/*! elementor - v3.21.0 - 08-05-2024 *\/\n.elementor-heading-title{padding:0;margin:0;line-height:1}.elementor-widget-heading .elementor-heading-title[class*=elementor-size-]>a{color:inherit;font-size:inherit;line-height:inherit}.elementor-widget-heading .elementor-heading-title.elementor-size-small{font-size:15px}.elementor-widget-heading .elementor-heading-title.elementor-size-medium{font-size:19px}.elementor-widget-heading .elementor-heading-title.elementor-size-large{font-size:29px}.elementor-widget-heading .elementor-heading-title.elementor-size-xl{font-size:39px}.elementor-widget-heading .elementor-heading-title.elementor-size-xxl{font-size:59px}<\/style><h2 class=\"elementor-heading-title elementor-size-default\">Stage de cirque<\/h2>\t\t<\/div>\n\t\t\t\t<\/div>\n\t\t\t\t\t<\/div>\n\t\t\t\t<\/div>\n\t\t<div class=\"elementor-element elementor-element-68918be e-flex e-con-boxed e-con e-parent\" data-id=\"68918be\" data-element_type=\"container\">\n\t\t\t\t\t<div class=\"e-con-inner\">\n\t\t\t\t<div class=\"elementor-element elementor-element-3c88748 elementor-widget elementor-widget-text-editor\" data-id=\"3c88748\" data-element_type=\"widget\" data-widget_type=\"text-editor.default\">\n\t\t\t\t<div class=\"elementor-widget-container\">\n\t\t\t<style>\/*! elementor - v3.21.0 - 08-05-2024 *\/\n.elementor-widget-text-editor.elementor-drop-cap-view-stacked .elementor-drop-cap{background-color:#69727d;color:#fff}.elementor-widget-text-editor.elementor-drop-cap-view-framed .elementor-drop-cap{color:#69727d;border:3px solid;background-color:transparent}.elementor-widget-text-editor:not(.elementor-drop-cap-view-default) .elementor-drop-cap{margin-top:8px}.elementor-widget-text-editor:not(.elementor-drop-cap-view-default) .elementor-drop-cap-letter{width:1em;height:1em}.elementor-widget-text-editor .elementor-drop-cap{float:left;text-align:center;line-height:1;font-size:50px}.elementor-widget-text-editor .elementor-drop-cap-letter{display:inline-block}<\/style>\t\t\t\t<p>Fracas organise, avec <a href=\"https:\/\/www.facebook.com\/people\/Ecole-de-cirque-Sa%C3%AFmiri\/61555829005088\/\">l&#8217;\u00e9cole de cirque Sa\u00efmiri<\/a>, des stages ponctuels de cirque dans le Sud Charente.<\/p><p>N&#8217;h\u00e9sitez pas \u00e0 nous \u00e9crire si vous souhaitez \u00eatre tenu\u00b7e au courant des prochaines dates!<\/p><p>Pour plus d\u2019information, contactez-nous ou appelez Cynthia, intervenante, au 06.66.86.27.42<\/p><h5>\u00a0<\/h5><h5><strong>Prochains stages<\/strong><\/h5><p>En cours de pr\u00e9paration&#8230;<\/p><div class=\"x14z9mp xat24cr x1lziwak x1vvkbs xtlvy1s\" style=\"text-align: center;\">\u00a0<\/div><div>\u00a0<\/div><p>\u00a0<\/p><h5>\u00a0<\/h5><h5><strong>Stages pass\u00e9s<\/strong><\/h5>\t\t\t\t\t\t<\/div>\n\t\t\t\t<\/div>\n\t\t\t\t\t<\/div>\n\t\t\t\t<\/div>\n\t\t<div class=\"elementor-element elementor-element-138b6e0 e-flex e-con-boxed e-con e-parent\" data-id=\"138b6e0\" data-element_type=\"container\">\n\t\t\t\t\t<div class=\"e-con-inner\">\n\t\t\t\t<div class=\"elementor-element elementor-element-caab54a elementor-widget elementor-widget-image\" data-id=\"caab54a\" data-element_type=\"widget\" data-widget_type=\"image.default\">\n\t\t\t\t<div class=\"elementor-widget-container\">\n\t\t\t<style>\/*! elementor - v3.21.0 - 08-05-2024 *\/\n.elementor-widget-image{text-align:center}.elementor-widget-image a{display:inline-block}.elementor-widget-image a img[src$=\".svg\"]{width:48px}.elementor-widget-image img{vertical-align:middle;display:inline-block}<\/style>\t\t\t\t\t\t\t\t\t\t<img fetchpriority=\"high\" decoding=\"async\" width=\"768\" height=\"1084\" src=\"https:\/\/asso-fracas.fr\/wp-content\/uploads\/2025\/11\/affiche-chalais-768x1084.png\" class=\"attachment-medium_large size-medium_large wp-image-413\" alt=\"\" srcset=\"https:\/\/asso-fracas.fr\/wp-content\/uploads\/2025\/11\/affiche-chalais-768x1084.png 768w, https:\/\/asso-fracas.fr\/wp-content\/uploads\/2025\/11\/affiche-chalais-212x300.png 212w, https:\/\/asso-fracas.fr\/wp-content\/uploads\/2025\/11\/affiche-chalais-725x1024.png 725w, https:\/\/asso-fracas.fr\/wp-content\/uploads\/2025\/11\/affiche-chalais.png 796w\" sizes=\"(max-width: 768px) 100vw, 768px\" \/>\t\t\t\t\t\t\t\t\t\t\t\t\t<\/div>\n\t\t\t\t<\/div>\n\t\t\t\t\t<\/div>\n\t\t\t\t<\/div>\n\t\t<div class=\"elementor-element elementor-element-32fd782 e-flex e-con-boxed e-con e-parent\" data-id=\"32fd782\" data-element_type=\"container\">\n\t\t\t\t\t<div class=\"e-con-inner\">\n\t\t\t\t<div class=\"elementor-element elementor-element-0842fa3 elementor-widget elementor-widget-image\" data-id=\"0842fa3\" data-element_type=\"widget\" data-widget_type=\"image.default\">\n\t\t\t\t<div class=\"elementor-widget-container\">\n\t\t\t\t\t\t\t\t\t\t\t\t\t<img decoding=\"async\" width=\"768\" height=\"1090\" src=\"https:\/\/asso-fracas.fr\/wp-content\/uploads\/2025\/08\/ACCRO-STAGE-768x1090.jpg\" class=\"attachment-medium_large size-medium_large wp-image-388\" alt=\"\" srcset=\"https:\/\/asso-fracas.fr\/wp-content\/uploads\/2025\/08\/ACCRO-STAGE-768x1090.jpg 768w, https:\/\/asso-fracas.fr\/wp-content\/uploads\/2025\/08\/ACCRO-STAGE-211x300.jpg 211w, https:\/\/asso-fracas.fr\/wp-content\/uploads\/2025\/08\/ACCRO-STAGE-721x1024.jpg 721w, https:\/\/asso-fracas.fr\/wp-content\/uploads\/2025\/08\/ACCRO-STAGE.jpg 794w\" sizes=\"(max-width: 768px) 100vw, 768px\" \/>\t\t\t\t\t\t\t\t\t\t\t\t\t<\/div>\n\t\t\t\t<\/div>\n\t\t\t\t<div class=\"elementor-element elementor-element-143b576 elementor-widget elementor-widget-image\" data-id=\"143b576\" data-element_type=\"widget\" data-widget_type=\"image.default\">\n\t\t\t\t<div class=\"elementor-widget-container\">\n\t\t\t\t\t\t\t\t\t\t\t\t\t<img decoding=\"async\" width=\"768\" height=\"543\" src=\"https:\/\/asso-fracas.fr\/wp-content\/uploads\/2025\/01\/Affiche-768x543.jpg\" class=\"attachment-medium_large size-medium_large wp-image-200\" alt=\"\" srcset=\"https:\/\/asso-fracas.fr\/wp-content\/uploads\/2025\/01\/Affiche-768x543.jpg 768w, https:\/\/asso-fracas.fr\/wp-content\/uploads\/2025\/01\/Affiche-300x212.jpg 300w, https:\/\/asso-fracas.fr\/wp-content\/uploads\/2025\/01\/Affiche-1024x724.jpg 1024w, https:\/\/asso-fracas.fr\/wp-content\/uploads\/2025\/01\/Affiche.jpg 1123w\" sizes=\"(max-width: 768px) 100vw, 768px\" \/>\t\t\t\t\t\t\t\t\t\t\t\t\t<\/div>\n\t\t\t\t<\/div>\n\t\t\t\t\t<\/div>\n\t\t\t\t<\/div>\n\t\t<div class=\"elementor-element elementor-element-b7cfcff e-flex e-con-boxed e-con e-parent\" data-id=\"b7cfcff\" data-element_type=\"container\">\n\t\t\t\t\t<div class=\"e-con-inner\">\n\t\t\t\t<div class=\"elementor-element elementor-element-3121036 elementor-widget elementor-widget-image\" data-id=\"3121036\" data-element_type=\"widget\" data-widget_type=\"image.default\">\n\t\t\t\t<div class=\"elementor-widget-container\">\n\t\t\t\t\t\t\t\t\t\t\t\t\t<img loading=\"lazy\" decoding=\"async\" width=\"768\" height=\"1086\" src=\"https:\/\/asso-fracas.fr\/wp-content\/uploads\/2025\/06\/Stage-Essards-768x1086.png\" class=\"attachment-medium_large size-medium_large wp-image-328\" alt=\"\" srcset=\"https:\/\/asso-fracas.fr\/wp-content\/uploads\/2025\/06\/Stage-Essards-768x1086.png 768w, https:\/\/asso-fracas.fr\/wp-content\/uploads\/2025\/06\/Stage-Essards-212x300.png 212w, https:\/\/asso-fracas.fr\/wp-content\/uploads\/2025\/06\/Stage-Essards-724x1024.png 724w, https:\/\/asso-fracas.fr\/wp-content\/uploads\/2025\/06\/Stage-Essards.png 794w\" sizes=\"(max-width: 768px) 100vw, 768px\" \/>\t\t\t\t\t\t\t\t\t\t\t\t\t<\/div>\n\t\t\t\t<\/div>\n\t\t\t\t\t<\/div>\n\t\t\t\t<\/div>\n\t\t<div class=\"elementor-element elementor-element-6f62059 e-flex e-con-boxed e-con e-parent\" data-id=\"6f62059\" data-element_type=\"container\">\n\t\t\t\t\t<div class=\"e-con-inner\">\n\t\t\t\t<div class=\"elementor-element elementor-element-8d38fcd elementor-widget elementor-widget-image\" data-id=\"8d38fcd\" data-element_type=\"widget\" data-widget_type=\"image.default\">\n\t\t\t\t<div class=\"elementor-widget-container\">\n\t\t\t\t\t\t\t\t\t\t\t\t\t<img loading=\"lazy\" decoding=\"async\" width=\"768\" height=\"1086\" src=\"https:\/\/asso-fracas.fr\/wp-content\/uploads\/2025\/06\/Stage-de-cirque-fevrier-2024-768x1086.png\" class=\"attachment-medium_large size-medium_large wp-image-329\" alt=\"\" srcset=\"https:\/\/asso-fracas.fr\/wp-content\/uploads\/2025\/06\/Stage-de-cirque-fevrier-2024-768x1086.png 768w, https:\/\/asso-fracas.fr\/wp-content\/uploads\/2025\/06\/Stage-de-cirque-fevrier-2024-212x300.png 212w, https:\/\/asso-fracas.fr\/wp-content\/uploads\/2025\/06\/Stage-de-cirque-fevrier-2024-724x1024.png 724w, https:\/\/asso-fracas.fr\/wp-content\/uploads\/2025\/06\/Stage-de-cirque-fevrier-2024-1086x1536.png 1086w, https:\/\/asso-fracas.fr\/wp-content\/uploads\/2025\/06\/Stage-de-cirque-fevrier-2024-1448x2048.png 1448w, https:\/\/asso-fracas.fr\/wp-content\/uploads\/2025\/06\/Stage-de-cirque-fevrier-2024.png 1587w\" sizes=\"(max-width: 768px) 100vw, 768px\" \/>\t\t\t\t\t\t\t\t\t\t\t\t\t<\/div>\n\t\t\t\t<\/div>\n\t\t\t\t\t<\/div>\n\t\t\t\t<\/div>\n\t\t\t\t<\/div>\n\t\t","protected":false},"excerpt":{"rendered":"<p>Stage de cirque Fracas organise, avec l&#8217;\u00e9cole de cirque Sa\u00efmiri, des stages ponctuels de cirque dans le Sud Charente. N&#8217;h\u00e9sitez pas \u00e0 nous \u00e9crire si vous souhaitez \u00eatre tenu\u00b7e au courant des prochaines dates! Pour plus d\u2019information, contactez-nous ou appelez Cynthia, intervenante, au 06.66.86.27.42 \u00a0 Prochains stages En cours de pr\u00e9paration&#8230; \u00a0\u00a0 \u00a0 \u00a0 Stages [&hellip;]<\/p>\n","protected":false},"author":3,"featured_media":0,"parent":0,"menu_order":0,"comment_status":"closed","ping_status":"closed","template":"","meta":{"footnotes":""},"class_list":["post-53","page","type-page","status-publish","hentry"],"_links":{"self":[{"href":"https:\/\/asso-fracas.fr\/index.php\/wp-json\/wp\/v2\/pages\/53","targetHints":{"allow":["GET"]}}],"collection":[{"href":"https:\/\/asso-fracas.fr\/index.php\/wp-json\/wp\/v2\/pages"}],"about":[{"href":"https:\/\/asso-fracas.fr\/index.php\/wp-json\/wp\/v2\/types\/page"}],"author":[{"embeddable":true,"href":"https:\/\/asso-fracas.fr\/index.php\/wp-json\/wp\/v2\/users\/3"}],"replies":[{"embeddable":true,"href":"https:\/\/asso-fracas.fr\/index.php\/wp-json\/wp\/v2\/comments?post=53"}],"version-history":[{"count":34,"href":"https:\/\/asso-fracas.fr\/index.php\/wp-json\/wp\/v2\/pages\/53\/revisions"}],"predecessor-version":[{"id":436,"href":"https:\/\/asso-fracas.fr\/index.php\/wp-json\/wp\/v2\/pages\/53\/revisions\/436"}],"wp:attachment":[{"href":"https:\/\/asso-fracas.fr\/index.php\/wp-json\/wp\/v2\/media?parent=53"}],"curies":[{"name":"wp","href":"https:\/\/api.w.org\/{rel}","templated":true}]}}