{"id":58,"date":"2024-09-08T20:50:22","date_gmt":"2024-09-08T18:50:22","guid":{"rendered":"https:\/\/asso-fracas.fr\/?page_id=58"},"modified":"2026-03-25T11:19:01","modified_gmt":"2026-03-25T10:19:01","slug":"festival","status":"publish","type":"page","link":"https:\/\/asso-fracas.fr\/index.php\/festival\/","title":{"rendered":"Festival"},"content":{"rendered":"\t\t<div data-elementor-type=\"wp-page\" data-elementor-id=\"58\" class=\"elementor elementor-58\">\n\t\t\t\t<div class=\"elementor-element elementor-element-37669cf e-flex e-con-boxed e-con e-parent\" data-id=\"37669cf\" data-element_type=\"container\">\n\t\t\t\t\t<div class=\"e-con-inner\">\n\t\t\t\t<div class=\"elementor-element elementor-element-e1585e3 elementor-widget elementor-widget-heading\" data-id=\"e1585e3\" data-element_type=\"widget\" data-widget_type=\"heading.default\">\n\t\t\t\t<div class=\"elementor-widget-container\">\n\t\t\t<style>\/*! elementor - v3.21.0 - 08-05-2024 *\/\n.elementor-heading-title{padding:0;margin:0;line-height:1}.elementor-widget-heading .elementor-heading-title[class*=elementor-size-]>a{color:inherit;font-size:inherit;line-height:inherit}.elementor-widget-heading .elementor-heading-title.elementor-size-small{font-size:15px}.elementor-widget-heading .elementor-heading-title.elementor-size-medium{font-size:19px}.elementor-widget-heading .elementor-heading-title.elementor-size-large{font-size:29px}.elementor-widget-heading .elementor-heading-title.elementor-size-xl{font-size:39px}.elementor-widget-heading .elementor-heading-title.elementor-size-xxl{font-size:59px}<\/style><h2 class=\"elementor-heading-title elementor-size-default\">Festival d'Arts Vivants !<\/h2>\t\t<\/div>\n\t\t\t\t<\/div>\n\t\t\t\t<div class=\"elementor-element elementor-element-8476ba6 elementor-widget elementor-widget-text-editor\" data-id=\"8476ba6\" data-element_type=\"widget\" data-widget_type=\"text-editor.default\">\n\t\t\t\t<div class=\"elementor-widget-container\">\n\t\t\t<style>\/*! elementor - v3.21.0 - 08-05-2024 *\/\n.elementor-widget-text-editor.elementor-drop-cap-view-stacked .elementor-drop-cap{background-color:#69727d;color:#fff}.elementor-widget-text-editor.elementor-drop-cap-view-framed .elementor-drop-cap{color:#69727d;border:3px solid;background-color:transparent}.elementor-widget-text-editor:not(.elementor-drop-cap-view-default) .elementor-drop-cap{margin-top:8px}.elementor-widget-text-editor:not(.elementor-drop-cap-view-default) .elementor-drop-cap-letter{width:1em;height:1em}.elementor-widget-text-editor .elementor-drop-cap{float:left;text-align:center;line-height:1;font-size:50px}.elementor-widget-text-editor .elementor-drop-cap-letter{display:inline-block}<\/style>\t\t\t\t<section class=\"elementor-section elementor-top-section elementor-element elementor-element-a7f18a8 elementor-section-stretched elementor-section-boxed elementor-section-height-default elementor-section-height-default\" data-id=\"a7f18a8\" data-element_type=\"section\" data-settings=\"{&quot;stretch_section&quot;:&quot;section-stretched&quot;}\"><div class=\"elementor-container elementor-column-gap-default\"><div class=\"elementor-column elementor-col-100 elementor-top-column elementor-element elementor-element-77e81b0\" data-id=\"77e81b0\" data-element_type=\"column\"><div class=\"elementor-widget-wrap elementor-element-populated\"><div class=\"elementor-element elementor-element-ac5b8e0 elementor-widget elementor-widget-text-editor\" data-id=\"ac5b8e0\" data-element_type=\"widget\" data-widget_type=\"text-editor.default\"><div class=\"elementor-widget-container\"><p>En plus d\u2019accompagner les personnes et les structures dans leurs projets artistiques et culturels, Fracas a organis\u00e9, de 2023 \u00e0 2025, un festival d\u2019arts de rue itin\u00e9rant.<\/p><p>Pendant deux jours, une dizaine d\u2019artistes animaient les rues des villages du sud Charente ! Bonnes, Saint-Romain et Les Essards nous ont accueillit durant ces 3 magnifiques \u00e9v\u00e9nements.<\/p><p>Ce festival, en plus de promouvoir les arts vivants, proposait des ateliers d\u2019initiation (cirque, yoga\u2026) et mettait en valeur le patrimoine des petits villages.<\/p><p>Apr\u00e8s trois ann\u00e9es d&#8217;investissement personnel des b\u00e9n\u00e9voles et d&#8217;investissement financier de l&#8217;asso, le festival s&#8217;est arr\u00eat\u00e9. Mais Fracas souhaite continuer \u00e0 soutenir le spectacle vivant et proposera une programmation culturelle ponctuelle !<\/p><\/div><\/div><\/div><\/div><\/div><\/section>\t\t\t\t\t\t<\/div>\n\t\t\t\t<\/div>\n\t\t\t\t\t<\/div>\n\t\t\t\t<\/div>\n\t\t<div class=\"elementor-element elementor-element-8774128 e-grid e-con-boxed e-con e-parent\" data-id=\"8774128\" data-element_type=\"container\">\n\t\t\t\t\t<div class=\"e-con-inner\">\n\t\t\t\t<div class=\"elementor-element elementor-element-b41ae14 elementor-widget elementor-widget-image\" data-id=\"b41ae14\" data-element_type=\"widget\" data-widget_type=\"image.default\">\n\t\t\t\t<div class=\"elementor-widget-container\">\n\t\t\t<style>\/*! elementor - v3.21.0 - 08-05-2024 *\/\n.elementor-widget-image{text-align:center}.elementor-widget-image a{display:inline-block}.elementor-widget-image a img[src$=\".svg\"]{width:48px}.elementor-widget-image img{vertical-align:middle;display:inline-block}<\/style>\t\t\t\t\t\t\t\t\t\t\t<a href=\"https:\/\/asso-fracas.fr\/index.php\/festival-de-bonnes-2023\/\">\n\t\t\t\t\t\t\t<img fetchpriority=\"high\" decoding=\"async\" width=\"724\" height=\"1024\" src=\"https:\/\/asso-fracas.fr\/wp-content\/uploads\/2024\/09\/Affiche-officielle-724x1024.png\" class=\"attachment-large size-large wp-image-76\" alt=\"\" srcset=\"https:\/\/asso-fracas.fr\/wp-content\/uploads\/2024\/09\/Affiche-officielle-724x1024.png 724w, https:\/\/asso-fracas.fr\/wp-content\/uploads\/2024\/09\/Affiche-officielle-212x300.png 212w, https:\/\/asso-fracas.fr\/wp-content\/uploads\/2024\/09\/Affiche-officielle-768x1086.png 768w, https:\/\/asso-fracas.fr\/wp-content\/uploads\/2024\/09\/Affiche-officielle-1086x1536.png 1086w, https:\/\/asso-fracas.fr\/wp-content\/uploads\/2024\/09\/Affiche-officielle.png 1414w\" sizes=\"(max-width: 724px) 100vw, 724px\" \/>\t\t\t\t\t\t\t\t<\/a>\n\t\t\t\t\t\t\t\t\t\t\t\t\t<\/div>\n\t\t\t\t<\/div>\n\t\t\t\t<div class=\"elementor-element elementor-element-0ddd13f elementor-widget elementor-widget-image\" data-id=\"0ddd13f\" data-element_type=\"widget\" data-widget_type=\"image.default\">\n\t\t\t\t<div class=\"elementor-widget-container\">\n\t\t\t\t\t\t\t\t\t\t\t\t\t\t<a href=\"https:\/\/asso-fracas.fr\/index.php\/fracas-dans-les-rues-2024\/\">\n\t\t\t\t\t\t\t<img decoding=\"async\" width=\"724\" height=\"1024\" src=\"https:\/\/asso-fracas.fr\/wp-content\/uploads\/2024\/09\/Affiche-2024-finale-724x1024.png\" class=\"attachment-large size-large wp-image-78\" alt=\"\" srcset=\"https:\/\/asso-fracas.fr\/wp-content\/uploads\/2024\/09\/Affiche-2024-finale-724x1024.png 724w, https:\/\/asso-fracas.fr\/wp-content\/uploads\/2024\/09\/Affiche-2024-finale-212x300.png 212w, https:\/\/asso-fracas.fr\/wp-content\/uploads\/2024\/09\/Affiche-2024-finale-768x1086.png 768w, https:\/\/asso-fracas.fr\/wp-content\/uploads\/2024\/09\/Affiche-2024-finale-1086x1536.png 1086w, https:\/\/asso-fracas.fr\/wp-content\/uploads\/2024\/09\/Affiche-2024-finale.png 1414w\" sizes=\"(max-width: 724px) 100vw, 724px\" \/>\t\t\t\t\t\t\t\t<\/a>\n\t\t\t\t\t\t\t\t\t\t\t\t\t<\/div>\n\t\t\t\t<\/div>\n\t\t\t\t<div class=\"elementor-element elementor-element-d53f346 elementor-widget elementor-widget-image\" data-id=\"d53f346\" data-element_type=\"widget\" data-widget_type=\"image.default\">\n\t\t\t\t<div class=\"elementor-widget-container\">\n\t\t\t\t\t\t\t\t\t\t\t\t\t\t<a href=\"https:\/\/asso-fracas.fr\/index.php\/fracas-dans-les-rues-2025\/\">\n\t\t\t\t\t\t\t<img decoding=\"async\" width=\"724\" height=\"1024\" src=\"https:\/\/asso-fracas.fr\/wp-content\/uploads\/2025\/06\/Affiche-2025-724x1024.png\" class=\"attachment-large size-large wp-image-339\" alt=\"\" srcset=\"https:\/\/asso-fracas.fr\/wp-content\/uploads\/2025\/06\/Affiche-2025-724x1024.png 724w, https:\/\/asso-fracas.fr\/wp-content\/uploads\/2025\/06\/Affiche-2025-212x300.png 212w, https:\/\/asso-fracas.fr\/wp-content\/uploads\/2025\/06\/Affiche-2025-768x1086.png 768w, https:\/\/asso-fracas.fr\/wp-content\/uploads\/2025\/06\/Affiche-2025-1086x1536.png 1086w, https:\/\/asso-fracas.fr\/wp-content\/uploads\/2025\/06\/Affiche-2025.png 1414w\" sizes=\"(max-width: 724px) 100vw, 724px\" \/>\t\t\t\t\t\t\t\t<\/a>\n\t\t\t\t\t\t\t\t\t\t\t\t\t<\/div>\n\t\t\t\t<\/div>\n\t\t\t\t\t<\/div>\n\t\t\t\t<\/div>\n\t\t<div class=\"elementor-element elementor-element-2b72fed e-flex e-con-boxed e-con e-parent\" data-id=\"2b72fed\" data-element_type=\"container\">\n\t\t\t\t\t<div class=\"e-con-inner\">\n\t\t\t\t<div class=\"elementor-element elementor-element-4a04324 elementor-widget elementor-widget-text-editor\" data-id=\"4a04324\" data-element_type=\"widget\" data-widget_type=\"text-editor.default\">\n\t\t\t\t<div class=\"elementor-widget-container\">\n\t\t\t\t\t\t\t<p style=\"text-align: center;\">Retrouvez le festival Fracas dans les Rues sur la <a href=\"https:\/\/umap.openstreetmap.fr\/fr\/map\/festivals-arts-de-la-rue-en-nouvelle-aquitaine_845313#7\/45.186\/0.879\" target=\"_blank\" rel=\"noopener\"><strong>carte des Festivals des Arts de la Rue de Grand&#8217;Rue<\/strong><\/a>, F\u00e9d\u00e9ration des Arts de la Rue en Nouvelle Aquitaine.<\/p>\t\t\t\t\t\t<\/div>\n\t\t\t\t<\/div>\n\t\t\t\t\t<\/div>\n\t\t\t\t<\/div>\n\t\t\t\t<\/div>\n\t\t","protected":false},"excerpt":{"rendered":"<p>Festival d&#8217;Arts Vivants ! En plus d\u2019accompagner les personnes et les structures dans leurs projets artistiques et culturels, Fracas a organis\u00e9, de 2023 \u00e0 2025, un festival d\u2019arts de rue itin\u00e9rant. Pendant deux jours, une dizaine d\u2019artistes animaient les rues des villages du sud Charente ! Bonnes, Saint-Romain et Les Essards nous ont accueillit durant [&hellip;]<\/p>\n","protected":false},"author":3,"featured_media":0,"parent":0,"menu_order":0,"comment_status":"closed","ping_status":"closed","template":"","meta":{"footnotes":""},"class_list":["post-58","page","type-page","status-publish","hentry"],"_links":{"self":[{"href":"https:\/\/asso-fracas.fr\/index.php\/wp-json\/wp\/v2\/pages\/58","targetHints":{"allow":["GET"]}}],"collection":[{"href":"https:\/\/asso-fracas.fr\/index.php\/wp-json\/wp\/v2\/pages"}],"about":[{"href":"https:\/\/asso-fracas.fr\/index.php\/wp-json\/wp\/v2\/types\/page"}],"author":[{"embeddable":true,"href":"https:\/\/asso-fracas.fr\/index.php\/wp-json\/wp\/v2\/users\/3"}],"replies":[{"embeddable":true,"href":"https:\/\/asso-fracas.fr\/index.php\/wp-json\/wp\/v2\/comments?post=58"}],"version-history":[{"count":29,"href":"https:\/\/asso-fracas.fr\/index.php\/wp-json\/wp\/v2\/pages\/58\/revisions"}],"predecessor-version":[{"id":439,"href":"https:\/\/asso-fracas.fr\/index.php\/wp-json\/wp\/v2\/pages\/58\/revisions\/439"}],"wp:attachment":[{"href":"https:\/\/asso-fracas.fr\/index.php\/wp-json\/wp\/v2\/media?parent=58"}],"curies":[{"name":"wp","href":"https:\/\/api.w.org\/{rel}","templated":true}]}}